{"id":7461,"date":"2022-09-19T17:16:46","date_gmt":"2022-09-19T15:16:46","guid":{"rendered":"https:\/\/ze-tchater-box-42.blog.ac-lyon.fr\/wordpress\/?page_id=7461"},"modified":"2024-05-27T09:47:17","modified_gmt":"2024-05-27T07:47:17","slug":"accueil","status":"publish","type":"page","link":"https:\/\/ze-tchater-box-42.blog.ac-lyon.fr\/wordpress\/","title":{"rendered":"Accueil"},"content":{"rendered":"<div class=\"wp-block-image is-style-default\">\n<figure class=\"aligncenter size-full is-resized\"><img decoding=\"async\" width=\"849\" height=\"814\" src=\"https:\/\/ze-tchater-box-42.blog.ac-lyon.fr\/wordpress\/wp-content\/uploads\/2024\/05\/cropped-logo-2024.png\" alt=\"\" class=\"wp-image-8633\" style=\"width:229px;height:229px\" srcset=\"https:\/\/ze-tchater-box-42.blog.ac-lyon.fr\/wordpress\/wp-content\/uploads\/2024\/05\/cropped-logo-2024.png 849w, https:\/\/ze-tchater-box-42.blog.ac-lyon.fr\/wordpress\/wp-content\/uploads\/2024\/05\/cropped-logo-2024-300x288.png 300w\" sizes=\"(max-width: 849px) 100vw, 849px\" \/><\/figure><\/div>\n\n\n<h2 class=\"wp-block-heading has-text-align-center\">Bienvenue !<\/h2>\n\n\n\n<p>Vous voici arriv\u00e9s dans Ze Tchater Box. <\/p>\n\n\n\n<p>Ce n&rsquo;est pas n&rsquo;importe quelle bo\u00eete, c&rsquo;est une bo\u00eete magique qui va vous permettre de faire un voyage dans un pays anglophone sans prendre l&rsquo;avion ! Et \u00e7a c&rsquo;est bon pour la plan\u00e8te. <\/p>\n\n\n\n<p>Tout au long de l&rsquo;ann\u00e9e, nous vous proposerons de courts podcasts (2 minutes environ) et des outils num\u00e9riques pour vous entrainer \u00e0 parler anglais. Nous ouvrirons \u00e9galement un r\u00e9pondeur sur lequel vous pourrez d\u00e9poser vos commentaires, vos remarques ou vos r\u00e9ussites. <\/p>\n\n\n\n<p>Au programme, de la culture, des rencontres, des jeux, de la cuisine !<\/p>\n\n\n\n<p>Nous vous disons donc \u00e0 tr\u00e8s vite sur notre site !<\/p>\n\n\n\n<div class=\"wp-block-advgb-video advgb-video-block full-width\" data-video=\"https:\/\/ze-tchater-box-42.blog.ac-lyon.fr\/wordpress\/wp-content\/uploads\/2022\/09\/Teaser-Ze-tchater-Box-3.mp4\" data-source=\"local\" data-video-attr=\"controls,playsinline\" data-video-preload=\"metadata\"><div class=\"advgb-video-wrapper full-width no-lightbox\"><video class=\"full-width\" height=\"450\" controls preload=\"metadata\" playsinline><source src=\"https:\/\/ze-tchater-box-42.blog.ac-lyon.fr\/wordpress\/wp-content\/uploads\/2022\/09\/Teaser-Ze-tchater-Box-3.mp4\"\/>Your browser does not support HTML5 video.<\/video><\/div><\/div>\n","protected":false},"excerpt":{"rendered":"<p>Bienvenue ! Vous voici arriv\u00e9s dans Ze Tchater Box. Ce n&rsquo;est pas n&rsquo;importe quelle bo\u00eete, c&rsquo;est une bo\u00eete magique qui va vous permettre de faire un voyage dans un pays anglophone sans prendre l&rsquo;avion ! Et \u00e7a c&rsquo;est bon pour&#8230; <a class=\"more-link\" href=\"https:\/\/ze-tchater-box-42.blog.ac-lyon.fr\/wordpress\/\">Lire la suite &rarr;<\/a><\/p>\n","protected":false},"author":5,"featured_media":0,"parent":0,"menu_order":0,"comment_status":"closed","ping_status":"closed","template":"","meta":{"xn-wppe-expiration":[],"xn-wppe-expiration-action":[],"xn-wppe-expiration-prefix":[],"advgb_blocks_editor_width":"","advgb_blocks_columns_visual_guide":"","_EventAllDay":false,"_EventTimezone":"","_EventStartDate":"","_EventEndDate":"","_EventStartDateUTC":"","_EventEndDateUTC":"","_EventShowMap":false,"_EventShowMapLink":false,"_EventURL":"","_EventCost":"","_EventCostDescription":"","_EventCurrencySymbol":"","_EventCurrencyCode":"","_EventCurrencyPosition":"","_EventDateTimeSeparator":"","_EventTimeRangeSeparator":"","_EventOrganizerID":[],"_EventVenueID":0,"_OrganizerEmail":"","_OrganizerPhone":"","_OrganizerWebsite":"","_VenueAddress":"","_VenueCity":"","_VenueCountry":"","_VenueProvince":"","_VenueZip":"","_VenuePhone":"","_VenueURL":"","_VenueStateProvince":"","_VenueLat":"","_VenueLng":"","footnotes":""},"class_list":["post-7461","page","type-page","status-publish","hentry"],"coauthors":[],"author_meta":{"author_link":"https:\/\/ze-tchater-box-42.blog.ac-lyon.fr\/wordpress\/author\/daneblog\/","display_name":"Webmestre acad\u00e9mique"},"relative_dates":{"created":"Publi\u00e9 4 ans il y a","modified":"Mis \u00e0 jour 2 ans il y a"},"absolute_dates":{"created":"Publi\u00e9 le 19 septembre 2022","modified":"Mise \u00e0 jour le 27 mai 2024"},"absolute_dates_time":{"created":"Publi\u00e9 le 19 septembre 2022 17 h 16 min","modified":"Mise \u00e0 jour le 27 mai 2024 9 h 47 min"},"featured_img_caption":"","featured_img":false,"series_order":"","post_mailing_queue_ids":[],"_links":{"self":[{"href":"https:\/\/ze-tchater-box-42.blog.ac-lyon.fr\/wordpress\/wp-json\/wp\/v2\/pages\/7461","targetHints":{"allow":["GET"]}}],"collection":[{"href":"https:\/\/ze-tchater-box-42.blog.ac-lyon.fr\/wordpress\/wp-json\/wp\/v2\/pages"}],"about":[{"href":"https:\/\/ze-tchater-box-42.blog.ac-lyon.fr\/wordpress\/wp-json\/wp\/v2\/types\/page"}],"author":[{"embeddable":true,"href":"https:\/\/ze-tchater-box-42.blog.ac-lyon.fr\/wordpress\/wp-json\/wp\/v2\/users\/5"}],"replies":[{"embeddable":true,"href":"https:\/\/ze-tchater-box-42.blog.ac-lyon.fr\/wordpress\/wp-json\/wp\/v2\/comments?post=7461"}],"version-history":[{"count":25,"href":"https:\/\/ze-tchater-box-42.blog.ac-lyon.fr\/wordpress\/wp-json\/wp\/v2\/pages\/7461\/revisions"}],"predecessor-version":[{"id":8664,"href":"https:\/\/ze-tchater-box-42.blog.ac-lyon.fr\/wordpress\/wp-json\/wp\/v2\/pages\/7461\/revisions\/8664"}],"wp:attachment":[{"href":"https:\/\/ze-tchater-box-42.blog.ac-lyon.fr\/wordpress\/wp-json\/wp\/v2\/media?parent=7461"}],"curies":[{"name":"wp","href":"https:\/\/api.w.org\/{rel}","templated":true}]}}