{"id":7803,"date":"2022-10-03T14:11:47","date_gmt":"2022-10-03T12:11:47","guid":{"rendered":"https:\/\/ze-tchater-box-42.blog.ac-lyon.fr\/wordpress\/?page_id=7803"},"modified":"2024-06-04T10:55:36","modified_gmt":"2024-06-04T08:55:36","slug":"on-sentraine-periode-5-sing-with-me","status":"publish","type":"page","link":"https:\/\/ze-tchater-box-42.blog.ac-lyon.fr\/wordpress\/on-sentraine\/on-sentraine-periode-5-sing-with-me\/","title":{"rendered":"On s&rsquo;entraine p\u00e9riode 5 : Sing with me !"},"content":{"rendered":"\n<h2 class=\"wp-block-heading\">Podcast 11 : <strong>musical instruments <\/strong>from the Commonwealth<\/h2>\n\n\n\n<p><strong>Activit\u00e9s pour apprendre du vocabulaire :<\/strong><\/p>\n\n\n\n<p>Jeu : <a rel=\"noreferrer noopener\" href=\"https:\/\/www.learningchocolate.com\/fr\/node\/421\" target=\"_blank\">musical instruments in english level 3<\/a><\/p>\n\n\n\n<p><strong>Activit\u00e9 compl\u00e9mentaire :<\/strong><\/p>\n\n\n\n<p>Ecouter l&rsquo;hymne du Commonwealth : <a href=\"https:\/\/ze-tchater-box-42.blog.ac-lyon.fr\/wordpress\/wp-content\/uploads\/2023\/06\/commonwealth-anthem.mp3\">instruments<\/a><\/p>\n\n\n\n<h2 class=\"wp-block-heading\">Podcast 10 : <strong>musical instruments around the world<\/strong><\/h2>\n\n\n\n<p><strong>Activit\u00e9s pour apprendre du vocabulaire :<\/strong><\/p>\n\n\n\n<p>Jeu : <a href=\"https:\/\/www.learningchocolate.com\/fr\/node\/13958\" target=\"_blank\" rel=\"noreferrer noopener\">musical instruments in english level 2<\/a><\/p>\n\n\n\n<p><strong>Activit\u00e9 compl\u00e9mentaire :<\/strong><\/p>\n\n\n\n<p>Apprendre une chanson en anglais : <a href=\"https:\/\/ladigitale.dev\/digiview\/#\/v\/645ce731e9e89\">instruments<\/a><\/p>\n\n\n\n<h2 class=\"wp-block-heading\">Podcast 9 : Sing with me !<\/h2>\n\n\n\n<p><strong>Activit\u00e9s pour apprendre du vocabulaire :<\/strong><\/p>\n\n\n\n<p>Jeu : <a rel=\"noreferrer noopener\" href=\"https:\/\/www.learningchocolate.com\/fr\/node\/13415\" target=\"_blank\">musical instruments in english level 1<\/a><\/p>\n\n\n\n<p><strong>Activit\u00e9 compl\u00e9mentaire :<\/strong><\/p>\n\n\n\n<p>Apprendre une chanson en anglais : <a href=\"https:\/\/www.reseau-canope.fr\/\/fileadmin\/user_upload\/Projets\/Musique_Prim\/01_one_potato.mp3\" data-type=\"URL\" data-id=\"https:\/\/www.reseau-canope.fr\/\/fileadmin\/user_upload\/Projets\/Musique_Prim\/01_one_potato.mp3\" target=\"_blank\" rel=\"noreferrer noopener\">One potatoe<\/a><\/p>\n\n\n\n<p><\/p>\n\n\n\n<p><\/p>\n\n\n\n<p><\/p>\n","protected":false},"excerpt":{"rendered":"<p>Podcast 11 : musical instruments from the Commonwealth Activit\u00e9s pour apprendre du vocabulaire : Jeu : musical instruments in english level 3 Activit\u00e9 compl\u00e9mentaire : Ecouter l&rsquo;hymne du Commonwealth : instruments Podcast 10 : musical instruments around the world Activit\u00e9s&#8230; <a class=\"more-link\" href=\"https:\/\/ze-tchater-box-42.blog.ac-lyon.fr\/wordpress\/on-sentraine\/on-sentraine-periode-5-sing-with-me\/\">Lire la suite &rarr;<\/a><\/p>\n","protected":false},"author":11,"featured_media":0,"parent":7753,"menu_order":5,"comment_status":"closed","ping_status":"closed","template":"","meta":{"xn-wppe-expiration":[],"xn-wppe-expiration-action":[],"xn-wppe-expiration-prefix":[],"advgb_blocks_editor_width":"","advgb_blocks_columns_visual_guide":"","_EventAllDay":false,"_EventTimezone":"","_EventStartDate":"","_EventEndDate":"","_EventStartDateUTC":"","_EventEndDateUTC":"","_EventShowMap":false,"_EventShowMapLink":false,"_EventURL":"","_EventCost":"","_EventCostDescription":"","_EventCurrencySymbol":"","_EventCurrencyCode":"","_EventCurrencyPosition":"","_EventDateTimeSeparator":"","_EventTimeRangeSeparator":"","_EventOrganizerID":[],"_EventVenueID":0,"_OrganizerEmail":"","_OrganizerPhone":"","_OrganizerWebsite":"","_VenueAddress":"","_VenueCity":"","_VenueCountry":"","_VenueProvince":"","_VenueZip":"","_VenuePhone":"","_VenueURL":"","_VenueStateProvince":"","_VenueLat":"","_VenueLng":"","footnotes":""},"class_list":["post-7803","page","type-page","status-publish","hentry"],"coauthors":[],"author_meta":{"author_link":"https:\/\/ze-tchater-box-42.blog.ac-lyon.fr\/wordpress\/author\/ewang-chang\/","display_name":"Emily Wang-Chang"},"relative_dates":{"created":"Publi\u00e9 4 ans il y a","modified":"Mis \u00e0 jour 2 ans il y a"},"absolute_dates":{"created":"Publi\u00e9 le 3 octobre 2022","modified":"Mise \u00e0 jour le 4 juin 2024"},"absolute_dates_time":{"created":"Publi\u00e9 le 3 octobre 2022 14 h 11 min","modified":"Mise \u00e0 jour le 4 juin 2024 10 h 55 min"},"featured_img_caption":"","featured_img":false,"series_order":"","post_mailing_queue_ids":[],"_links":{"self":[{"href":"https:\/\/ze-tchater-box-42.blog.ac-lyon.fr\/wordpress\/wp-json\/wp\/v2\/pages\/7803","targetHints":{"allow":["GET"]}}],"collection":[{"href":"https:\/\/ze-tchater-box-42.blog.ac-lyon.fr\/wordpress\/wp-json\/wp\/v2\/pages"}],"about":[{"href":"https:\/\/ze-tchater-box-42.blog.ac-lyon.fr\/wordpress\/wp-json\/wp\/v2\/types\/page"}],"author":[{"embeddable":true,"href":"https:\/\/ze-tchater-box-42.blog.ac-lyon.fr\/wordpress\/wp-json\/wp\/v2\/users\/11"}],"replies":[{"embeddable":true,"href":"https:\/\/ze-tchater-box-42.blog.ac-lyon.fr\/wordpress\/wp-json\/wp\/v2\/comments?post=7803"}],"version-history":[{"count":16,"href":"https:\/\/ze-tchater-box-42.blog.ac-lyon.fr\/wordpress\/wp-json\/wp\/v2\/pages\/7803\/revisions"}],"predecessor-version":[{"id":8652,"href":"https:\/\/ze-tchater-box-42.blog.ac-lyon.fr\/wordpress\/wp-json\/wp\/v2\/pages\/7803\/revisions\/8652"}],"up":[{"embeddable":true,"href":"https:\/\/ze-tchater-box-42.blog.ac-lyon.fr\/wordpress\/wp-json\/wp\/v2\/pages\/7753"}],"wp:attachment":[{"href":"https:\/\/ze-tchater-box-42.blog.ac-lyon.fr\/wordpress\/wp-json\/wp\/v2\/media?parent=7803"}],"curies":[{"name":"wp","href":"https:\/\/api.w.org\/{rel}","templated":true}]}}