{"id":8219,"date":"2023-09-21T15:04:39","date_gmt":"2023-09-21T13:04:39","guid":{"rendered":"https:\/\/ze-tchater-box-42.blog.ac-lyon.fr\/wordpress\/?page_id=8219"},"modified":"2024-02-09T13:45:55","modified_gmt":"2024-02-09T12:45:55","slug":"periode-3-come-rain-or-come-shine","status":"publish","type":"page","link":"https:\/\/ze-tchater-box-42.blog.ac-lyon.fr\/wordpress\/mes-podcast-cycle-3\/periode-3-come-rain-or-come-shine\/","title":{"rendered":"P\u00e9riode 3 : Come rain or come shine"},"content":{"rendered":"\n<h2 class=\"wp-block-heading\">Podcast 6 : The weather <a href=\"https:\/\/ze-tchater-box-42.blog.ac-lyon.fr\/wordpress\/wp-content\/uploads\/2024\/01\/C2-pod6-intro.mp3\">The weather<\/a><\/h2>\n\n\n\n<p><strong>Partie 1 : Pr\u00e9sentation <\/strong><\/p>\n\n\n\n<p>Emily <a href=\"https:\/\/ze-tchater-box-42.blog.ac-lyon.fr\/wordpress\/wp-content\/uploads\/2024\/01\/C2-pod6-mily1.mp3\">Monday<\/a><\/p>\n\n\n\n<p>Emmanuelle <a href=\"https:\/\/ze-tchater-box-42.blog.ac-lyon.fr\/wordpress\/wp-content\/uploads\/2024\/01\/C2-pod6-manue1.mp3\">Sunday<\/a><\/p>\n\n\n\n<p>Thomas <a href=\"https:\/\/ze-tchater-box-42.blog.ac-lyon.fr\/wordpress\/wp-content\/uploads\/2024\/01\/C2-pod6-tom1.mp3\">Friday<\/a><\/p>\n\n\n\n<p>Emily <a href=\"https:\/\/ze-tchater-box-42.blog.ac-lyon.fr\/wordpress\/wp-content\/uploads\/2024\/01\/C2-pod6-mily2.mp3\">Tuesday<\/a><\/p>\n\n\n\n<p>Emmanuelle <a href=\"https:\/\/ze-tchater-box-42.blog.ac-lyon.fr\/wordpress\/wp-content\/uploads\/2024\/02\/C2-pod6-manue2.mp3\">Wednesday<\/a><\/p>\n\n\n\n<p>Thomas <a href=\"https:\/\/ze-tchater-box-42.blog.ac-lyon.fr\/wordpress\/wp-content\/uploads\/2024\/01\/C2-pod6-tom2.mp3\">Saturday<\/a><\/p>\n\n\n\n<p><strong>Retrouvez des ressources dans la partie<\/strong> <a href=\"https:\/\/ze-tchater-box-42.blog.ac-lyon.fr\/wordpress\/on-sentraine-cycle-3\/on-sentraine-periode-3-come-rain-and-come-shine\/\" target=\"_blank\" rel=\"noreferrer noopener\">\u00ab\u00a0On s&rsquo;entraine\u00a0\u00bb<\/a> <a href=\"https:\/\/ze-tchater-box-42.blog.ac-lyon.fr\/wordpress\/wp-content\/uploads\/2022\/12\/Bye-bye-general.mp3\" data-type=\"link\" data-id=\"https:\/\/ze-tchater-box-42.blog.ac-lyon.fr\/wordpress\/wp-content\/uploads\/2022\/12\/Bye-bye-general.mp3\">On s&rsquo;entraine<\/a><\/p>\n\n\n\n<h2 class=\"wp-block-heading\">Podcast 5 : Time <a href=\"https:\/\/ze-tchater-box-42.blog.ac-lyon.fr\/wordpress\/wp-content\/uploads\/2024\/01\/C2-intro-pod5.mp3\">Time<\/a><\/h2>\n\n\n\n<p><strong>Partie 1 : Pr\u00e9sentation <\/strong><\/p>\n\n\n\n<p>Yesterday <a href=\"https:\/\/ze-tchater-box-42.blog.ac-lyon.fr\/wordpress\/wp-content\/uploads\/2024\/01\/C2-pod5-manue1.mp3\">Yesterday<\/a><\/p>\n\n\n\n<p>Today <a href=\"https:\/\/ze-tchater-box-42.blog.ac-lyon.fr\/wordpress\/wp-content\/uploads\/2024\/01\/C2-pod5-mily1.mp3\">Today<\/a><\/p>\n\n\n\n<p>Tomorrow <a href=\"https:\/\/ze-tchater-box-42.blog.ac-lyon.fr\/wordpress\/wp-content\/uploads\/2024\/01\/C2-pod5-tom1.mp3\">Tomorrow<\/a><\/p>\n\n\n\n<p><\/p>\n\n\n\n<p>Good morning <a href=\"https:\/\/ze-tchater-box-42.blog.ac-lyon.fr\/wordpress\/wp-content\/uploads\/2024\/01\/C2-pod5-manue2.mp3\">Good morning<\/a><\/p>\n\n\n\n<p>Good afternoon <a href=\"https:\/\/ze-tchater-box-42.blog.ac-lyon.fr\/wordpress\/wp-content\/uploads\/2024\/01\/C2-pod5-mily-2.mp3\">Good afternoon<\/a><\/p>\n\n\n\n<p>Good evening <a href=\"https:\/\/ze-tchater-box-42.blog.ac-lyon.fr\/wordpress\/wp-content\/uploads\/2024\/01\/C2-pod5-tom2.mp3\">Good evening<\/a><\/p>\n\n\n\n<p>Good night <a href=\"https:\/\/ze-tchater-box-42.blog.ac-lyon.fr\/wordpress\/wp-content\/uploads\/2024\/01\/C2-pod-5-all.mp3\">Good night<\/a><\/p>\n\n\n\n<p><strong>Retrouvez des ressources dans la partie<\/strong> <a href=\"https:\/\/ze-tchater-box-42.blog.ac-lyon.fr\/wordpress\/on-sentraine-cycle-3\/on-sentraine-periode-3-come-rain-and-come-shine\/\" target=\"_blank\" rel=\"noreferrer noopener\">\u00ab\u00a0On s&rsquo;entraine\u00a0\u00bb<\/a> <a href=\"https:\/\/ze-tchater-box-42.blog.ac-lyon.fr\/wordpress\/wp-content\/uploads\/2022\/12\/Bye-bye-general.mp3\" data-type=\"link\" data-id=\"https:\/\/ze-tchater-box-42.blog.ac-lyon.fr\/wordpress\/wp-content\/uploads\/2022\/12\/Bye-bye-general.mp3\">On s&rsquo;entraine<\/a><\/p>\n\n\n\n<h2 class=\"wp-block-heading\">Podcast 4 : Days of the week <a href=\"https:\/\/ze-tchater-box-42.blog.ac-lyon.fr\/wordpress\/wp-content\/uploads\/2024\/01\/C2-pod4-intro.mp3\">Days of the week<\/a><\/h2>\n\n\n\n<p><strong>Partie 1 : Pr\u00e9sentation <\/strong><\/p>\n\n\n\n<p>Monday <a href=\"https:\/\/ze-tchater-box-42.blog.ac-lyon.fr\/wordpress\/wp-content\/uploads\/2024\/01\/C2-pod4-mily1.mp3\">Monday<\/a><\/p>\n\n\n\n<p>Tuesday <a href=\"https:\/\/ze-tchater-box-42.blog.ac-lyon.fr\/wordpress\/wp-content\/uploads\/2024\/01\/C2-pod4-mily2.mp3\">Tuesday<\/a><\/p>\n\n\n\n<p>Wednesday <a href=\"https:\/\/ze-tchater-box-42.blog.ac-lyon.fr\/wordpress\/wp-content\/uploads\/2024\/01\/C2-pod4-manue1.mp3\">Wednesday<\/a><\/p>\n\n\n\n<p>Thursday <a href=\"https:\/\/ze-tchater-box-42.blog.ac-lyon.fr\/wordpress\/wp-content\/uploads\/2024\/01\/C2-pod4-mily3.mp3\">Thursday<\/a><\/p>\n\n\n\n<p>Friday <a href=\"https:\/\/ze-tchater-box-42.blog.ac-lyon.fr\/wordpress\/wp-content\/uploads\/2024\/01\/C2-pod4-tom1.mp3\">Friday<\/a><\/p>\n\n\n\n<p>Saturday <a href=\"https:\/\/ze-tchater-box-42.blog.ac-lyon.fr\/wordpress\/wp-content\/uploads\/2024\/01\/C2-pod4-tom2.mp3\">Saturday<\/a><\/p>\n\n\n\n<p>Sunday <a href=\"https:\/\/ze-tchater-box-42.blog.ac-lyon.fr\/wordpress\/wp-content\/uploads\/2024\/01\/C2-pod4-manue2.mp3\">Sunday<\/a><\/p>\n\n\n\n<p><strong>Retrouvez des ressources dans la partie<\/strong> <a href=\"https:\/\/ze-tchater-box-42.blog.ac-lyon.fr\/wordpress\/on-sentraine-cycle-3\/on-sentraine-periode-3-come-rain-and-come-shine\/\" target=\"_blank\" rel=\"noreferrer noopener\">\u00ab\u00a0On s&rsquo;entraine\u00a0\u00bb<\/a> <a href=\"https:\/\/ze-tchater-box-42.blog.ac-lyon.fr\/wordpress\/wp-content\/uploads\/2022\/12\/Bye-bye-general.mp3\" data-type=\"link\" data-id=\"https:\/\/ze-tchater-box-42.blog.ac-lyon.fr\/wordpress\/wp-content\/uploads\/2022\/12\/Bye-bye-general.mp3\">On s&rsquo;entraine<\/a><\/p>\n","protected":false},"excerpt":{"rendered":"<p>Podcast 6 : The weather The weather Partie 1 : Pr\u00e9sentation Emily Monday Emmanuelle Sunday Thomas Friday Emily Tuesday Emmanuelle Wednesday Thomas Saturday Retrouvez des ressources dans la partie \u00ab\u00a0On s&rsquo;entraine\u00a0\u00bb On s&rsquo;entraine Podcast 5 : Time Time Partie 1&#8230; <a class=\"more-link\" href=\"https:\/\/ze-tchater-box-42.blog.ac-lyon.fr\/wordpress\/mes-podcast-cycle-3\/periode-3-come-rain-or-come-shine\/\">Lire la suite &rarr;<\/a><\/p>\n","protected":false},"author":11,"featured_media":0,"parent":8199,"menu_order":2,"comment_status":"closed","ping_status":"closed","template":"","meta":{"xn-wppe-expiration":[],"xn-wppe-expiration-action":[],"xn-wppe-expiration-prefix":[],"advgb_blocks_editor_width":"","advgb_blocks_columns_visual_guide":"","_EventAllDay":false,"_EventTimezone":"","_EventStartDate":"","_EventEndDate":"","_EventStartDateUTC":"","_EventEndDateUTC":"","_EventShowMap":false,"_EventShowMapLink":false,"_EventURL":"","_EventCost":"","_EventCostDescription":"","_EventCurrencySymbol":"","_EventCurrencyCode":"","_EventCurrencyPosition":"","_EventDateTimeSeparator":"","_EventTimeRangeSeparator":"","_EventOrganizerID":[],"_EventVenueID":0,"_OrganizerEmail":"","_OrganizerPhone":"","_OrganizerWebsite":"","_VenueAddress":"","_VenueCity":"","_VenueCountry":"","_VenueProvince":"","_VenueZip":"","_VenuePhone":"","_VenueURL":"","_VenueStateProvince":"","_VenueLat":"","_VenueLng":"","footnotes":""},"class_list":["post-8219","page","type-page","status-publish","hentry"],"coauthors":[],"author_meta":{"author_link":"https:\/\/ze-tchater-box-42.blog.ac-lyon.fr\/wordpress\/author\/ewang-chang\/","display_name":"Emily Wang-Chang"},"relative_dates":{"created":"Publi\u00e9 3 ans il y a","modified":"Mis \u00e0 jour 2 ans il y a"},"absolute_dates":{"created":"Publi\u00e9 le 21 septembre 2023","modified":"Mise \u00e0 jour le 9 f\u00e9vrier 2024"},"absolute_dates_time":{"created":"Publi\u00e9 le 21 septembre 2023 15 h 04 min","modified":"Mise \u00e0 jour le 9 f\u00e9vrier 2024 13 h 45 min"},"featured_img_caption":"","featured_img":false,"series_order":"","post_mailing_queue_ids":[],"_links":{"self":[{"href":"https:\/\/ze-tchater-box-42.blog.ac-lyon.fr\/wordpress\/wp-json\/wp\/v2\/pages\/8219","targetHints":{"allow":["GET"]}}],"collection":[{"href":"https:\/\/ze-tchater-box-42.blog.ac-lyon.fr\/wordpress\/wp-json\/wp\/v2\/pages"}],"about":[{"href":"https:\/\/ze-tchater-box-42.blog.ac-lyon.fr\/wordpress\/wp-json\/wp\/v2\/types\/page"}],"author":[{"embeddable":true,"href":"https:\/\/ze-tchater-box-42.blog.ac-lyon.fr\/wordpress\/wp-json\/wp\/v2\/users\/11"}],"replies":[{"embeddable":true,"href":"https:\/\/ze-tchater-box-42.blog.ac-lyon.fr\/wordpress\/wp-json\/wp\/v2\/comments?post=8219"}],"version-history":[{"count":6,"href":"https:\/\/ze-tchater-box-42.blog.ac-lyon.fr\/wordpress\/wp-json\/wp\/v2\/pages\/8219\/revisions"}],"predecessor-version":[{"id":8526,"href":"https:\/\/ze-tchater-box-42.blog.ac-lyon.fr\/wordpress\/wp-json\/wp\/v2\/pages\/8219\/revisions\/8526"}],"up":[{"embeddable":true,"href":"https:\/\/ze-tchater-box-42.blog.ac-lyon.fr\/wordpress\/wp-json\/wp\/v2\/pages\/8199"}],"wp:attachment":[{"href":"https:\/\/ze-tchater-box-42.blog.ac-lyon.fr\/wordpress\/wp-json\/wp\/v2\/media?parent=8219"}],"curies":[{"name":"wp","href":"https:\/\/api.w.org\/{rel}","templated":true}]}}