{"id":8225,"date":"2023-09-21T15:05:34","date_gmt":"2023-09-21T13:05:34","guid":{"rendered":"https:\/\/ze-tchater-box-42.blog.ac-lyon.fr\/wordpress\/?page_id=8225"},"modified":"2024-06-04T11:04:35","modified_gmt":"2024-06-04T09:04:35","slug":"periode-5-sports-and-olympic-games","status":"publish","type":"page","link":"https:\/\/ze-tchater-box-42.blog.ac-lyon.fr\/wordpress\/mes-podcast-cycle-3\/periode-5-sports-and-olympic-games\/","title":{"rendered":"P\u00e9riode 5 : Sports and Olympic games"},"content":{"rendered":"\n<h2 class=\"wp-block-heading\"><strong>Podcast 1<\/strong>2 : Seasonal sports <a href=\"https:\/\/ze-tchater-box-42.blog.ac-lyon.fr\/wordpress\/wp-content\/uploads\/2024\/05\/pod12-intro.mp3\">Seasonal sports<\/a><\/h2>\n\n\n\n<p>Emmanuelle 1 <a href=\"https:\/\/ze-tchater-box-42.blog.ac-lyon.fr\/wordpress\/wp-content\/uploads\/2024\/05\/Pod12-Manue.mp3\">1<\/a><\/p>\n\n\n\n<p>Emmanuelle 2 <a href=\"https:\/\/ze-tchater-box-42.blog.ac-lyon.fr\/wordpress\/wp-content\/uploads\/2024\/05\/Pod12-manue2.mp3\">2<\/a><\/p>\n\n\n\n<p>Emily 1 <a href=\"https:\/\/ze-tchater-box-42.blog.ac-lyon.fr\/wordpress\/wp-content\/uploads\/2024\/05\/Pod12-mily.mp3\">1<\/a><\/p>\n\n\n\n<p>Emily 2 <a href=\"https:\/\/ze-tchater-box-42.blog.ac-lyon.fr\/wordpress\/wp-content\/uploads\/2024\/05\/pod12-mily2.mp3\">2<\/a><\/p>\n\n\n\n<p>Thomas 1 <a href=\"https:\/\/ze-tchater-box-42.blog.ac-lyon.fr\/wordpress\/wp-content\/uploads\/2024\/05\/Pod12-Tom.mp3\">1<\/a><\/p>\n\n\n\n<p>Thomas 2 <a href=\"https:\/\/ze-tchater-box-42.blog.ac-lyon.fr\/wordpress\/wp-content\/uploads\/2024\/05\/Pod12-tom2.mp3\">2<\/a><\/p>\n\n\n\n<p>Retrouvez des <strong>ressources<\/strong> dans la partie <a href=\"https:\/\/ze-tchater-box-42.blog.ac-lyon.fr\/wordpress\/on-sentraine-cycle-3\/on-sentraine-periode-5-sports-and-olympic-games\/\" target=\"_blank\" rel=\"noreferrer noopener\">On s&rsquo;entraine<\/a> <a href=\"https:\/\/ze-tchater-box-42.blog.ac-lyon.fr\/wordpress\/wp-content\/uploads\/2023\/06\/outro-podcast-12.mp3\">On s&rsquo;entraine<\/a><\/p>\n\n\n\n<h2 class=\"wp-block-heading\">Podcast 11 : Olympic games <a href=\"https:\/\/ze-tchater-box-42.blog.ac-lyon.fr\/wordpress\/wp-content\/uploads\/2024\/04\/pod-11-intro.mp3\">Olympic games<\/a><\/h2>\n\n\n\n<p>Emmanuelle <a href=\"https:\/\/ze-tchater-box-42.blog.ac-lyon.fr\/wordpress\/wp-content\/uploads\/2024\/04\/Pod11-Manue.mp3\">Emmanuelle<\/a><\/p>\n\n\n\n<p>Emily <a href=\"https:\/\/ze-tchater-box-42.blog.ac-lyon.fr\/wordpress\/wp-content\/uploads\/2024\/04\/Pod-11-mily.mp3\">Emily<\/a><\/p>\n\n\n\n<p>Thomas <a href=\"https:\/\/ze-tchater-box-42.blog.ac-lyon.fr\/wordpress\/wp-content\/uploads\/2024\/04\/Pod11-Tom.mp3\">Thomas<\/a><\/p>\n\n\n\n<p>Retrouvez des <strong>ressources<\/strong> dans la partie <a href=\"https:\/\/ze-tchater-box-42.blog.ac-lyon.fr\/wordpress\/on-sentraine-cycle-3\/on-sentraine-periode-5-sports-and-olympic-games\/\" target=\"_blank\" rel=\"noreferrer noopener\">On s&rsquo;entraine<\/a> <a href=\"https:\/\/ze-tchater-box-42.blog.ac-lyon.fr\/wordpress\/wp-content\/uploads\/2023\/06\/outro-podcast-12.mp3\">On s&rsquo;entraine<\/a><\/p>\n\n\n\n<h2 class=\"wp-block-heading\">Podcast 10 : Popular sports <a href=\"https:\/\/ze-tchater-box-42.blog.ac-lyon.fr\/wordpress\/wp-content\/uploads\/2024\/04\/pod10-intro.mp3\">Popular sports<\/a><\/h2>\n\n\n\n<p>Emmanuelle <a href=\"https:\/\/ze-tchater-box-42.blog.ac-lyon.fr\/wordpress\/wp-content\/uploads\/2024\/04\/Pod10-Manue.mp3\">Emmanuelle<\/a><\/p>\n\n\n\n<p>Emily <a href=\"https:\/\/ze-tchater-box-42.blog.ac-lyon.fr\/wordpress\/wp-content\/uploads\/2024\/04\/Pod-10-mily.mp3\">Emily<\/a><\/p>\n\n\n\n<p>Thomas <a href=\"https:\/\/ze-tchater-box-42.blog.ac-lyon.fr\/wordpress\/wp-content\/uploads\/2024\/04\/Pod-10-Tom.mp3\">Thomas<\/a><\/p>\n\n\n\n<p><strong>Apports Langagiers<\/strong> <a href=\"https:\/\/ze-tchater-box-42.blog.ac-lyon.fr\/wordpress\/wp-content\/uploads\/2024\/04\/Pod10-apports.mp3\">Apports Langagiers<\/a><\/p>\n\n\n\n<p>Retrouvez des <strong>ressources<\/strong> dans la partie <a href=\"https:\/\/ze-tchater-box-42.blog.ac-lyon.fr\/wordpress\/on-sentraine-cycle-3\/on-sentraine-periode-5-sports-and-olympic-games\/?preview_id=8239&amp;preview_nonce=ad66a67e75&amp;preview=true\" data-type=\"link\" data-id=\"https:\/\/ze-tchater-box-42.blog.ac-lyon.fr\/wordpress\/on-sentraine-cycle-3\/on-sentraine-periode-5-sports-and-olympic-games\/?preview_id=8239&amp;preview_nonce=ad66a67e75&amp;preview=true\" target=\"_blank\" rel=\"noreferrer noopener\">On s&rsquo;entraine<\/a> <a href=\"https:\/\/ze-tchater-box-42.blog.ac-lyon.fr\/wordpress\/wp-content\/uploads\/2023\/06\/outro-podcast-12.mp3\">On s&rsquo;entraine<\/a><\/p>\n","protected":false},"excerpt":{"rendered":"<p>Podcast 12 : Seasonal sports Seasonal sports Emmanuelle 1 1 Emmanuelle 2 2 Emily 1 1 Emily 2 2 Thomas 1 1 Thomas 2 2 Retrouvez des ressources dans la partie On s&rsquo;entraine On s&rsquo;entraine Podcast 11 : Olympic games&#8230; <a class=\"more-link\" href=\"https:\/\/ze-tchater-box-42.blog.ac-lyon.fr\/wordpress\/mes-podcast-cycle-3\/periode-5-sports-and-olympic-games\/\">Lire la suite &rarr;<\/a><\/p>\n","protected":false},"author":11,"featured_media":0,"parent":8199,"menu_order":4,"comment_status":"closed","ping_status":"closed","template":"","meta":{"xn-wppe-expiration":[],"xn-wppe-expiration-action":[],"xn-wppe-expiration-prefix":[],"advgb_blocks_editor_width":"","advgb_blocks_columns_visual_guide":"","_EventAllDay":false,"_EventTimezone":"","_EventStartDate":"","_EventEndDate":"","_EventStartDateUTC":"","_EventEndDateUTC":"","_EventShowMap":false,"_EventShowMapLink":false,"_EventURL":"","_EventCost":"","_EventCostDescription":"","_EventCurrencySymbol":"","_EventCurrencyCode":"","_EventCurrencyPosition":"","_EventDateTimeSeparator":"","_EventTimeRangeSeparator":"","_EventOrganizerID":[],"_EventVenueID":0,"_OrganizerEmail":"","_OrganizerPhone":"","_OrganizerWebsite":"","_VenueAddress":"","_VenueCity":"","_VenueCountry":"","_VenueProvince":"","_VenueZip":"","_VenuePhone":"","_VenueURL":"","_VenueStateProvince":"","_VenueLat":"","_VenueLng":"","footnotes":""},"class_list":["post-8225","page","type-page","status-publish","hentry"],"coauthors":[],"author_meta":{"author_link":"https:\/\/ze-tchater-box-42.blog.ac-lyon.fr\/wordpress\/author\/ewang-chang\/","display_name":"Emily Wang-Chang"},"relative_dates":{"created":"Publi\u00e9 3 ans il y a","modified":"Mis \u00e0 jour 2 ans il y a"},"absolute_dates":{"created":"Publi\u00e9 le 21 septembre 2023","modified":"Mise \u00e0 jour le 4 juin 2024"},"absolute_dates_time":{"created":"Publi\u00e9 le 21 septembre 2023 15 h 05 min","modified":"Mise \u00e0 jour le 4 juin 2024 11 h 04 min"},"featured_img_caption":"","featured_img":false,"series_order":"","post_mailing_queue_ids":[],"_links":{"self":[{"href":"https:\/\/ze-tchater-box-42.blog.ac-lyon.fr\/wordpress\/wp-json\/wp\/v2\/pages\/8225","targetHints":{"allow":["GET"]}}],"collection":[{"href":"https:\/\/ze-tchater-box-42.blog.ac-lyon.fr\/wordpress\/wp-json\/wp\/v2\/pages"}],"about":[{"href":"https:\/\/ze-tchater-box-42.blog.ac-lyon.fr\/wordpress\/wp-json\/wp\/v2\/types\/page"}],"author":[{"embeddable":true,"href":"https:\/\/ze-tchater-box-42.blog.ac-lyon.fr\/wordpress\/wp-json\/wp\/v2\/users\/11"}],"replies":[{"embeddable":true,"href":"https:\/\/ze-tchater-box-42.blog.ac-lyon.fr\/wordpress\/wp-json\/wp\/v2\/comments?post=8225"}],"version-history":[{"count":7,"href":"https:\/\/ze-tchater-box-42.blog.ac-lyon.fr\/wordpress\/wp-json\/wp\/v2\/pages\/8225\/revisions"}],"predecessor-version":[{"id":8654,"href":"https:\/\/ze-tchater-box-42.blog.ac-lyon.fr\/wordpress\/wp-json\/wp\/v2\/pages\/8225\/revisions\/8654"}],"up":[{"embeddable":true,"href":"https:\/\/ze-tchater-box-42.blog.ac-lyon.fr\/wordpress\/wp-json\/wp\/v2\/pages\/8199"}],"wp:attachment":[{"href":"https:\/\/ze-tchater-box-42.blog.ac-lyon.fr\/wordpress\/wp-json\/wp\/v2\/media?parent=8225"}],"curies":[{"name":"wp","href":"https:\/\/api.w.org\/{rel}","templated":true}]}}