{"id":8230,"date":"2023-09-21T15:07:12","date_gmt":"2023-09-21T13:07:12","guid":{"rendered":"https:\/\/ze-tchater-box-42.blog.ac-lyon.fr\/wordpress\/?page_id=8230"},"modified":"2023-12-10T11:16:53","modified_gmt":"2023-12-10T10:16:53","slug":"on-sentraine-periode-2-boooh-are-you","status":"publish","type":"page","link":"https:\/\/ze-tchater-box-42.blog.ac-lyon.fr\/wordpress\/on-sentraine-cycle-3\/on-sentraine-periode-2-boooh-are-you\/","title":{"rendered":"On s&rsquo;entraine p\u00e9riode 2 : BOOOH are you ?"},"content":{"rendered":"\n<figure class=\"wp-block-image size-full\"><img decoding=\"async\" width=\"145\" height=\"147\" src=\"https:\/\/ze-tchater-box-42.blog.ac-lyon.fr\/wordpress\/wp-content\/uploads\/2023\/09\/stock-vector-scary-cartoon-monster-halloween-vector-illustration-of-monster-creature-with-angry-face-expression-1780590950.jpg\" alt=\"\" class=\"wp-image-8245\"\/><\/figure>\n\n\n\n<h2 class=\"wp-block-heading\">Podcast 3 : Halloween monsters<\/h2>\n\n\n\n<h4 class=\"wp-block-heading\"><span style=\"text-decoration: underline;\">Activit\u00e9 d&rsquo;entrainement : <\/span><\/h4>\n\n\n\n<p>En cliquant sur le bouton ci-dessous, vous pourrez t\u00e9l\u00e9charger des cartes de jeu qui reprennent les personnages pr\u00e9sent\u00e9s durant le podcast pour proposer diff\u00e9rents jeux \u00e0 vos \u00e9l\u00e8ves.<\/p>\n\n\n\n<p>Les lettres pr\u00e9sentent en bas des cartes Qr-codes repr\u00e9sentent l&rsquo;initiale du nom de la couleur (<em>PU pour P<\/em>URPLE et PK pour PINK). Cela vous permettra d&rsquo;aider ou de corriger plus rapidement.<\/p>\n\n\n\n<div class=\"wp-block-advgb-button aligncenter\"><a class=\"wp-block-advgb-button_link advgbbtn-0808ec7d-b1c4-4e73-b9d6-5a4e0c2b79b2\" href=\"https:\/\/ze-tchater-box-42.blog.ac-lyon.fr\/wordpress\/wp-content\/uploads\/2023\/12\/Cartes-Monstres-podcast-3.pdf\" target=\"_blank\" rel=\"noopener noreferrer\"><span>T\u00e9l\u00e9charger les cartes de jeu<\/span><\/a><\/div>\n\n\n\n<h4 class=\"wp-block-heading\"><span style=\"text-decoration: underline;\"><strong>Cartes <\/strong>monstres<\/span><\/h4>\n\n\n\n<h5 class=\"wp-block-heading\">MEMORY<\/h5>\n\n\n\n<p>A l&rsquo;aide des cartes monstres, vous pouvez proposer plusieurs jeux de memory (en les imprimant plusieurs fois).<br><span style=\"text-decoration: underline;\">Consigne 1 :<\/span><\/p>\n\n\n\n<p>Une fois qu&rsquo;une paire a \u00e9t\u00e9 trouv\u00e9e, il faut donner la couleur du monstre<\/p>\n\n\n\n<p><span style=\"text-decoration: underline;\">Consignes 2 :<\/span><\/p>\n\n\n\n<p>Une fois qu&rsquo;une paire a \u00e9t\u00e9 trouv\u00e9e, il faut dire le nombre de bras<\/p>\n\n\n\n<p><span style=\"text-decoration: underline;\">Consignes 3 :<\/span><\/p>\n\n\n\n<p>Une fois qu&rsquo;une paire a \u00e9t\u00e9 trouv\u00e9e, il faut dire le nombre de pattes (de jambes)<\/p>\n\n\n\n<p><span style=\"text-decoration: underline;\">Consignes 4 :<\/span><\/p>\n\n\n\n<p><span style=\"text-decoration: underline;\"><\/span>Une fois qu&rsquo;une paire a \u00e9t\u00e9 trouv\u00e9e, il faut dire combien le monstre a d&rsquo;yeux. <\/p>\n\n\n\n<h5 class=\"wp-block-heading\">PERROQUET<\/h5>\n\n\n\n<p>A l&rsquo;aide des cartes monstres, vous pouvez proposer un jeu du perroquet (en les imprimant plusieurs fois).<br>Lorsqu&rsquo;un \u00e9l\u00e8ve pioche une carte, au hasard, il doit donner une information sur le montre (soit sa couleur, soit le nombre de bras, soit le nombre de pattes, soit le nombre d&rsquo;yeux). S&rsquo;il r\u00e9ussit, il conserve la carte et marque un point, s&rsquo;il ne parvient pas \u00e0 donner une information sur le monstre, il donne la carte \u00e0 un autre \u00e9l\u00e8ve qui doit donner une information sur le monstre et ainsi de suite jusqu&rsquo;\u00e0 ce qu&rsquo;un \u00e9l\u00e8ve y parvienne. Celui qui a le plus de points a gagn\u00e9. <\/p>\n\n\n\n<h4 class=\"wp-block-heading\"><strong><span style=\"text-decoration: underline;\">Cartes QrCode <\/span><\/strong><\/h4>\n\n\n\n<h5 class=\"wp-block-heading\">APPAIRAGE<\/h5>\n\n\n\n<p>Les \u00e9l\u00e8ves doivent \u00e9couter le texte \u00e9nonc\u00e9 sur les cartes QR CODES et retrouver la carte monstre correspondante. Il est conseill\u00e9 d&rsquo;imprimer les cartes plusieurs fois. Soit les \u00e9l\u00e8ves jouent seuls pour s&rsquo;entrainer, soit par deux. A deux, lorsqu&rsquo;un \u00e9l\u00e8ve r\u00e9ussit \u00e0 retrouver la carte monstre, il la conserve, s&rsquo;il ne r\u00e9ussit pas \u00e0 retrouver la carte monstre alors c&rsquo;est au tour de l&rsquo;autre \u00e9l\u00e8ve et s&rsquo;il r\u00e9ussit il pourra conserver la carte. Le gagnant est celui qui a le plus de cartes \u00ab\u00a0monstre\u00a0\u00bb en main lorsque tous les cartes ont \u00e9t\u00e9 retrouv\u00e9es.<\/p>\n\n\n\n<h2 class=\"wp-block-heading\">Podcast 2 : Presenting ourselves<\/h2>\n\n\n\n<h4 class=\"wp-block-heading\"><span style=\"text-decoration: underline;\">Activit\u00e9 d&rsquo;entrainement : <\/span><\/h4>\n\n\n\n<p>En cliquant sur le bouton ci-dessous, vous pourrez t\u00e9l\u00e9charger des cartes de jeu qui reprennent les personnages pr\u00e9sent\u00e9s durant le podcast pour proposer diff\u00e9rents jeux \u00e0 vos \u00e9l\u00e8ves.<\/p>\n\n\n\n<p>Les lettres pr\u00e9sentent en bas des cartes Qr-codes repr\u00e9sentent l&rsquo;initiale du nom du monstre. Cela vous permettra d&rsquo;aider ou de corriger plus rapidement.<\/p>\n\n\n\n<div class=\"wp-block-advgb-button aligncenter\"><a class=\"wp-block-advgb-button_link advgbbtn-0d1b57c6-ec33-49d6-b3b0-3c74df1d29d9\" href=\"https:\/\/ze-tchater-box-42.blog.ac-lyon.fr\/wordpress\/wp-content\/uploads\/2023\/11\/Cartes-costumes-et-sucreries-podcast-2.pdf\" target=\"_blank\" rel=\"noopener noreferrer\"><span>T\u00e9l\u00e9charger les cartes de jeu<\/span><\/a><\/div>\n\n\n\n<h2 class=\"wp-block-heading\">Podcast 1 : Present yourself &#8211; Halloween <\/h2>\n\n\n\n<h4 class=\"wp-block-heading\"><span style=\"text-decoration: underline;\">Activit\u00e9 d&rsquo;entrainement : <\/span><\/h4>\n\n\n\n<p>En cliquant sur le bouton ci-dessous, vous pourrez t\u00e9l\u00e9charger des cartes de jeu qui reprennent les personnages pr\u00e9sent\u00e9s durant le podcast pour proposer diff\u00e9rents jeux \u00e0 vos \u00e9l\u00e8ves.<\/p>\n\n\n\n<p>Les lettres pr\u00e9sentent en bas des cartes Qr-codes repr\u00e9sentent l&rsquo;initiale du nom du monstre. Cela vous permettra d&rsquo;aider ou de corriger plus rapidement. <\/p>\n\n\n\n<div class=\"wp-block-advgb-button aligncenter\"><a class=\"wp-block-advgb-button_link advgbbtn-d63be56b-b160-4d5b-9281-7748d54c1480\" href=\"https:\/\/ze-tchater-box-42.blog.ac-lyon.fr\/wordpress\/wp-content\/uploads\/2023\/10\/Cartes-monstres-podcast-1.pdf\" target=\"_blank\" rel=\"noopener noreferrer\"><span>T\u00e9l\u00e9charger les cartes de jeu<\/span><\/a><\/div>\n\n\n\n<h4 class=\"wp-block-heading\"><strong><span style=\"text-decoration: underline;\">Cartes monstres <\/span><\/strong><\/h4>\n\n\n\n<h5 class=\"wp-block-heading\">MEMORY<\/h5>\n\n\n\n<p>A l&rsquo;aide des cartes monstres, vous pouvez proposer un jeu de memory (en les imprimant plusieurs fois).<br>Lorsque l&rsquo;\u00e9l\u00e8ve a retrouv\u00e9 la paire, il doit dire le nom du monstre pour pouvoir la prendre et ainsi marquer un point. <\/p>\n\n\n\n<h5 class=\"wp-block-heading\">PERROQUET<\/h5>\n\n\n\n<p>A l&rsquo;aide des cartes monstres, vous pouvez proposer un jeu du perroquet (en les imprimant plusieurs fois).<br>Lorsqu&rsquo;un \u00e9l\u00e8ve pioche une carte, au hasard, il doit dire le nom du monstre. S&rsquo;il r\u00e9ussit, il conserve la carte et marque un point, s&rsquo;il a oubli\u00e9 le nom du monstre, il donne la carte \u00e0 un autre \u00e9l\u00e8ve qui doit dire le nom du monstre et ainsi de suite jusqu&rsquo;\u00e0 ce qu&rsquo;un \u00e9l\u00e8ve dise le nom du monstre. Celui qui a le plus de points a gagn\u00e9. <\/p>\n\n\n\n<h4 class=\"wp-block-heading\"><strong><span style=\"text-decoration: underline;\">Cartes QrCode <\/span><\/strong><\/h4>\n\n\n\n<h5 class=\"wp-block-heading\">APPAIRAGE<\/h5>\n\n\n\n<p>Les \u00e9l\u00e8ves doivent \u00e9couter le texte \u00e9nonc\u00e9 sur les cartes QR CODES et retrouver la carte monstre correspondant. Il est conseill\u00e9 d&rsquo;imprimer les cartes plusieurs fois. Soit les \u00e9l\u00e8ves jouent seuls pour s&rsquo;entrainer, soit par deux. A deux, lorsqu&rsquo;un \u00e9l\u00e8ve r\u00e9ussit \u00e0 retrouver la carte monstre correspondante, il la conserve, s&rsquo;il ne r\u00e9ussit pas \u00e0 retrouver la carte monstre alors c&rsquo;est au tour de l&rsquo;autre \u00e9l\u00e8ve et s&rsquo;il r\u00e9ussit il pourra conserver la carte. Le gagnant est celui qui a le plus de cartes monstres en main lorsque tous les monstres ont \u00e9t\u00e9 retrouv\u00e9s. <\/p>\n<style class=\"advgb-styles-renderer\">.advgbbtn-0808ec7d-b1c4-4e73-b9d6-5a4e0c2b79b2{font-size:18px;color:#fff !important;background-color:#5dd8e6 !important;margin:0px 0px 0px 0px !important;padding:10px 30px 10px 30px;border-width:1px !important;border-style:none;border-radius:50px !important;}.advgbbtn-0808ec7d-b1c4-4e73-b9d6-5a4e0c2b79b2:hover{box-shadow:1px 1px 12px 0px #ccc;opacity:1;transition:all 0.2s ease;}.advgbbtn-0808ec7d-b1c4-4e73-b9d6-5a4e0c2b79b2 > i {display: none !important;}.advgbbtn-0d1b57c6-ec33-49d6-b3b0-3c74df1d29d9{font-size:18px;color:#fff !important;background-color:#5dd8e6 !important;margin:0px 0px 0px 0px !important;padding:10px 30px 10px 30px;border-width:1px !important;border-style:none;border-radius:50px !important;}.advgbbtn-0d1b57c6-ec33-49d6-b3b0-3c74df1d29d9:hover{box-shadow:1px 1px 12px 0px #ccc;opacity:1;transition:all 0.2s ease;}.advgbbtn-0d1b57c6-ec33-49d6-b3b0-3c74df1d29d9 > i {display: none !important;}.advgbbtn-d63be56b-b160-4d5b-9281-7748d54c1480{font-size:18px;color:#fff !important;background-color:#5dd8e6 !important;margin:0px 0px 0px 0px !important;padding:10px 30px 10px 30px;border-width:1px !important;border-style:none;border-radius:50px !important;}.advgbbtn-d63be56b-b160-4d5b-9281-7748d54c1480:hover{box-shadow:1px 1px 12px 0px #ccc;opacity:1;transition:all 0.2s ease;}.advgbbtn-d63be56b-b160-4d5b-9281-7748d54c1480 > i {display: none !important;}<\/style>","protected":false},"excerpt":{"rendered":"<p>Podcast 3 : Halloween monsters Activit\u00e9 d&rsquo;entrainement : En cliquant sur le bouton ci-dessous, vous pourrez t\u00e9l\u00e9charger des cartes de jeu qui reprennent les personnages pr\u00e9sent\u00e9s durant le podcast pour proposer diff\u00e9rents jeux \u00e0 vos \u00e9l\u00e8ves. Les lettres pr\u00e9sentent en&#8230; <a class=\"more-link\" href=\"https:\/\/ze-tchater-box-42.blog.ac-lyon.fr\/wordpress\/on-sentraine-cycle-3\/on-sentraine-periode-2-boooh-are-you\/\">Lire la suite &rarr;<\/a><\/p>\n","protected":false},"author":11,"featured_media":0,"parent":8203,"menu_order":2,"comment_status":"closed","ping_status":"closed","template":"","meta":{"xn-wppe-expiration":[],"xn-wppe-expiration-action":[],"xn-wppe-expiration-prefix":[],"advgb_blocks_editor_width":"","advgb_blocks_columns_visual_guide":"","_EventAllDay":false,"_EventTimezone":"","_EventStartDate":"","_EventEndDate":"","_EventStartDateUTC":"","_EventEndDateUTC":"","_EventShowMap":false,"_EventShowMapLink":false,"_EventURL":"","_EventCost":"","_EventCostDescription":"","_EventCurrencySymbol":"","_EventCurrencyCode":"","_EventCurrencyPosition":"","_EventDateTimeSeparator":"","_EventTimeRangeSeparator":"","_EventOrganizerID":[],"_EventVenueID":0,"_OrganizerEmail":"","_OrganizerPhone":"","_OrganizerWebsite":"","_VenueAddress":"","_VenueCity":"","_VenueCountry":"","_VenueProvince":"","_VenueZip":"","_VenuePhone":"","_VenueURL":"","_VenueStateProvince":"","_VenueLat":"","_VenueLng":"","footnotes":""},"class_list":["post-8230","page","type-page","status-publish","hentry"],"coauthors":[],"author_meta":{"author_link":"https:\/\/ze-tchater-box-42.blog.ac-lyon.fr\/wordpress\/author\/ewang-chang\/","display_name":"Emily Wang-Chang"},"relative_dates":{"created":"Publi\u00e9 3 ans il y a","modified":"Mis \u00e0 jour 2 ans il y a"},"absolute_dates":{"created":"Publi\u00e9 le 21 septembre 2023","modified":"Mise \u00e0 jour le 10 d\u00e9cembre 2023"},"absolute_dates_time":{"created":"Publi\u00e9 le 21 septembre 2023 15 h 07 min","modified":"Mise \u00e0 jour le 10 d\u00e9cembre 2023 11 h 16 min"},"featured_img_caption":"","featured_img":false,"series_order":"","post_mailing_queue_ids":[],"_links":{"self":[{"href":"https:\/\/ze-tchater-box-42.blog.ac-lyon.fr\/wordpress\/wp-json\/wp\/v2\/pages\/8230","targetHints":{"allow":["GET"]}}],"collection":[{"href":"https:\/\/ze-tchater-box-42.blog.ac-lyon.fr\/wordpress\/wp-json\/wp\/v2\/pages"}],"about":[{"href":"https:\/\/ze-tchater-box-42.blog.ac-lyon.fr\/wordpress\/wp-json\/wp\/v2\/types\/page"}],"author":[{"embeddable":true,"href":"https:\/\/ze-tchater-box-42.blog.ac-lyon.fr\/wordpress\/wp-json\/wp\/v2\/users\/11"}],"replies":[{"embeddable":true,"href":"https:\/\/ze-tchater-box-42.blog.ac-lyon.fr\/wordpress\/wp-json\/wp\/v2\/comments?post=8230"}],"version-history":[{"count":8,"href":"https:\/\/ze-tchater-box-42.blog.ac-lyon.fr\/wordpress\/wp-json\/wp\/v2\/pages\/8230\/revisions"}],"predecessor-version":[{"id":8461,"href":"https:\/\/ze-tchater-box-42.blog.ac-lyon.fr\/wordpress\/wp-json\/wp\/v2\/pages\/8230\/revisions\/8461"}],"up":[{"embeddable":true,"href":"https:\/\/ze-tchater-box-42.blog.ac-lyon.fr\/wordpress\/wp-json\/wp\/v2\/pages\/8203"}],"wp:attachment":[{"href":"https:\/\/ze-tchater-box-42.blog.ac-lyon.fr\/wordpress\/wp-json\/wp\/v2\/media?parent=8230"}],"curies":[{"name":"wp","href":"https:\/\/api.w.org\/{rel}","templated":true}]}}